{"id":4416,"date":"2022-04-28T16:11:30","date_gmt":"2022-04-28T15:11:30","guid":{"rendered":"https:\/\/parsonp.com\/?page_id=4416"},"modified":"2024-12-16T15:12:20","modified_gmt":"2024-12-16T14:12:20","slug":"politica-sulla-privacy","status":"publish","type":"page","link":"https:\/\/parsonp.com\/it\/politica-sulla-privacy\/","title":{"rendered":"Politica sulla privacy"},"content":{"rendered":"\t\t<div data-elementor-type=\"wp-page\" data-elementor-id=\"4416\" class=\"elementor elementor-4416 elementor-3\" data-elementor-post-type=\"page\">\n\t\t\t\t\t\t<section class=\"elementor-section elementor-top-section elementor-element elementor-element-e66a0f6 elementor-section-boxed elementor-section-height-default elementor-section-height-default\" data-id=\"e66a0f6\" data-element_type=\"section\" data-settings=\"{&quot;jet_parallax_layout_list&quot;:[{&quot;_id&quot;:&quot;5b369d5&quot;,&quot;jet_parallax_layout_image&quot;:{&quot;url&quot;:&quot;https:\\\/\\\/parsonp.com\\\/wp-content\\\/uploads\\\/2022\\\/05\\\/AdornoSeparado_07-1.png&quot;,&quot;id&quot;:374,&quot;size&quot;:&quot;&quot;,&quot;alt&quot;:&quot;&quot;,&quot;source&quot;:&quot;library&quot;},&quot;jet_parallax_layout_bg_x&quot;:110,&quot;jet_parallax_layout_bg_y&quot;:0,&quot;jet_parallax_layout_on&quot;:[&quot;desktop&quot;],&quot;jet_parallax_layout_bg_y_tablet&quot;:90,&quot;jet_parallax_layout_speed&quot;:{&quot;unit&quot;:&quot;%&quot;,&quot;size&quot;:100,&quot;sizes&quot;:[]},&quot;jet_parallax_layout_z_index&quot;:2,&quot;jet_parallax_layout_image_tablet&quot;:{&quot;url&quot;:&quot;&quot;,&quot;id&quot;:&quot;&quot;,&quot;size&quot;:&quot;&quot;},&quot;jet_parallax_layout_image_mobile&quot;:{&quot;url&quot;:&quot;&quot;,&quot;id&quot;:&quot;&quot;,&quot;size&quot;:&quot;&quot;},&quot;jet_parallax_layout_type&quot;:&quot;scroll&quot;,&quot;jet_parallax_layout_direction&quot;:null,&quot;jet_parallax_layout_fx_direction&quot;:null,&quot;jet_parallax_layout_bg_x_tablet&quot;:&quot;&quot;,&quot;jet_parallax_layout_bg_x_mobile&quot;:&quot;&quot;,&quot;jet_parallax_layout_bg_y_mobile&quot;:&quot;&quot;,&quot;jet_parallax_layout_bg_size&quot;:&quot;auto&quot;,&quot;jet_parallax_layout_bg_size_tablet&quot;:&quot;&quot;,&quot;jet_parallax_layout_bg_size_mobile&quot;:&quot;&quot;,&quot;jet_parallax_layout_animation_prop&quot;:&quot;transform&quot;},{&quot;_id&quot;:&quot;cdc3eb7&quot;,&quot;jet_parallax_layout_image&quot;:{&quot;url&quot;:&quot;https:\\\/\\\/parsonp.com\\\/wp-content\\\/uploads\\\/2022\\\/05\\\/AdornoSeparado_01-e1651744643217.png&quot;,&quot;id&quot;:129,&quot;size&quot;:&quot;&quot;,&quot;alt&quot;:&quot;&quot;,&quot;source&quot;:&quot;library&quot;},&quot;jet_parallax_layout_speed&quot;:{&quot;unit&quot;:&quot;%&quot;,&quot;size&quot;:1,&quot;sizes&quot;:[]},&quot;jet_parallax_layout_bg_x&quot;:-5,&quot;jet_parallax_layout_bg_y&quot;:20,&quot;jet_parallax_layout_bg_x_mobile&quot;:100,&quot;jet_parallax_layout_bg_y_mobile&quot;:10,&quot;jet_parallax_layout_bg_size_mobile&quot;:&quot;auto&quot;,&quot;jet_parallax_layout_on&quot;:[&quot;desktop&quot;],&quot;jet_parallax_layout_z_index&quot;:2,&quot;jet_parallax_layout_image_tablet&quot;:{&quot;url&quot;:&quot;&quot;,&quot;id&quot;:&quot;&quot;,&quot;size&quot;:&quot;&quot;},&quot;jet_parallax_layout_image_mobile&quot;:{&quot;url&quot;:&quot;&quot;,&quot;id&quot;:&quot;&quot;,&quot;size&quot;:&quot;&quot;},&quot;jet_parallax_layout_type&quot;:&quot;scroll&quot;,&quot;jet_parallax_layout_direction&quot;:null,&quot;jet_parallax_layout_fx_direction&quot;:null,&quot;jet_parallax_layout_bg_x_tablet&quot;:&quot;&quot;,&quot;jet_parallax_layout_bg_y_tablet&quot;:&quot;&quot;,&quot;jet_parallax_layout_bg_size&quot;:&quot;auto&quot;,&quot;jet_parallax_layout_bg_size_tablet&quot;:&quot;&quot;,&quot;jet_parallax_layout_animation_prop&quot;:&quot;transform&quot;},{&quot;_id&quot;:&quot;dd95ad2&quot;,&quot;jet_parallax_layout_image&quot;:{&quot;url&quot;:&quot;https:\\\/\\\/parsonp.com\\\/wp-content\\\/uploads\\\/2022\\\/05\\\/AdornoSeparado_06-e1651762545628.png&quot;,&quot;id&quot;:455,&quot;size&quot;:&quot;&quot;,&quot;alt&quot;:&quot;&quot;,&quot;source&quot;:&quot;library&quot;},&quot;jet_parallax_layout_speed&quot;:{&quot;unit&quot;:&quot;%&quot;,&quot;size&quot;:100,&quot;sizes&quot;:[]},&quot;jet_parallax_layout_bg_x&quot;:95,&quot;jet_parallax_layout_on&quot;:[&quot;desktop&quot;],&quot;jet_parallax_layout_z_index&quot;:2,&quot;jet_parallax_layout_image_tablet&quot;:{&quot;url&quot;:&quot;&quot;,&quot;id&quot;:&quot;&quot;,&quot;size&quot;:&quot;&quot;},&quot;jet_parallax_layout_image_mobile&quot;:{&quot;url&quot;:&quot;&quot;,&quot;id&quot;:&quot;&quot;,&quot;size&quot;:&quot;&quot;},&quot;jet_parallax_layout_type&quot;:&quot;scroll&quot;,&quot;jet_parallax_layout_direction&quot;:null,&quot;jet_parallax_layout_fx_direction&quot;:null,&quot;jet_parallax_layout_bg_x_tablet&quot;:&quot;&quot;,&quot;jet_parallax_layout_bg_x_mobile&quot;:&quot;&quot;,&quot;jet_parallax_layout_bg_y&quot;:50,&quot;jet_parallax_layout_bg_y_tablet&quot;:&quot;&quot;,&quot;jet_parallax_layout_bg_y_mobile&quot;:&quot;&quot;,&quot;jet_parallax_layout_bg_size&quot;:&quot;auto&quot;,&quot;jet_parallax_layout_bg_size_tablet&quot;:&quot;&quot;,&quot;jet_parallax_layout_bg_size_mobile&quot;:&quot;&quot;,&quot;jet_parallax_layout_animation_prop&quot;:&quot;transform&quot;},{&quot;_id&quot;:&quot;0b46fac&quot;,&quot;jet_parallax_layout_image&quot;:{&quot;url&quot;:&quot;https:\\\/\\\/parsonp.com\\\/wp-content\\\/uploads\\\/2022\\\/05\\\/AdornoSeparado_03-PEQUENO-e1651762652741.png&quot;,&quot;id&quot;:456,&quot;size&quot;:&quot;&quot;,&quot;alt&quot;:&quot;&quot;,&quot;source&quot;:&quot;library&quot;},&quot;jet_parallax_layout_speed&quot;:{&quot;unit&quot;:&quot;%&quot;,&quot;size&quot;:85,&quot;sizes&quot;:[]},&quot;jet_parallax_layout_bg_x&quot;:6,&quot;jet_parallax_layout_bg_y&quot;:40,&quot;jet_parallax_layout_z_index&quot;:2,&quot;jet_parallax_layout_image_tablet&quot;:{&quot;url&quot;:&quot;&quot;,&quot;id&quot;:&quot;&quot;,&quot;size&quot;:&quot;&quot;},&quot;jet_parallax_layout_image_mobile&quot;:{&quot;url&quot;:&quot;&quot;,&quot;id&quot;:&quot;&quot;,&quot;size&quot;:&quot;&quot;},&quot;jet_parallax_layout_type&quot;:&quot;scroll&quot;,&quot;jet_parallax_layout_direction&quot;:null,&quot;jet_parallax_layout_fx_direction&quot;:null,&quot;jet_parallax_layout_bg_x_tablet&quot;:&quot;&quot;,&quot;jet_parallax_layout_bg_x_mobile&quot;:&quot;&quot;,&quot;jet_parallax_layout_bg_y_tablet&quot;:&quot;&quot;,&quot;jet_parallax_layout_bg_y_mobile&quot;:&quot;&quot;,&quot;jet_parallax_layout_bg_size&quot;:&quot;auto&quot;,&quot;jet_parallax_layout_bg_size_tablet&quot;:&quot;&quot;,&quot;jet_parallax_layout_bg_size_mobile&quot;:&quot;&quot;,&quot;jet_parallax_layout_animation_prop&quot;:&quot;transform&quot;,&quot;jet_parallax_layout_on&quot;:[&quot;desktop&quot;,&quot;tablet&quot;]}]}\">\n\t\t\t\t\t\t\t<div class=\"elementor-background-overlay\"><\/div>\n\t\t\t\t\t\t\t<div class=\"elementor-container elementor-column-gap-default\">\n\t\t\t\t\t<div class=\"elementor-column elementor-col-100 elementor-top-column elementor-element elementor-element-29a96b9\" data-id=\"29a96b9\" data-element_type=\"column\">\n\t\t\t<div class=\"elementor-widget-wrap elementor-element-populated\">\n\t\t\t\t\t\t<section class=\"elementor-section elementor-inner-section elementor-element elementor-element-1943eba elementor-section-content-middle elementor-section-boxed elementor-section-height-default elementor-section-height-default\" data-id=\"1943eba\" data-element_type=\"section\" data-settings=\"{&quot;jet_parallax_layout_list&quot;:[]}\">\n\t\t\t\t\t\t<div class=\"elementor-container elementor-column-gap-default\">\n\t\t\t\t\t<div class=\"elementor-column elementor-col-100 elementor-inner-column elementor-element elementor-element-cbcfbdf\" data-id=\"cbcfbdf\" data-element_type=\"column\">\n\t\t\t<div class=\"elementor-widget-wrap elementor-element-populated\">\n\t\t\t\t\t\t<div class=\"elementor-element elementor-element-ef8f8e7 elementor-widget elementor-widget-heading\" data-id=\"ef8f8e7\" data-element_type=\"widget\" data-widget_type=\"heading.default\">\n\t\t\t\t<div class=\"elementor-widget-container\">\n\t\t\t\t\t<h1 class=\"elementor-heading-title elementor-size-default\">Politica sulla privacy<\/h1>\t\t\t\t<\/div>\n\t\t\t\t<\/div>\n\t\t\t\t\t<\/div>\n\t\t<\/div>\n\t\t\t\t\t<\/div>\n\t\t<\/section>\n\t\t\t\t<section class=\"elementor-section elementor-inner-section elementor-element elementor-element-8e33215 elementor-section-boxed elementor-section-height-default elementor-section-height-default\" data-id=\"8e33215\" data-element_type=\"section\" data-settings=\"{&quot;jet_parallax_layout_list&quot;:[]}\">\n\t\t\t\t\t\t<div class=\"elementor-container elementor-column-gap-default\">\n\t\t\t\t\t<div class=\"elementor-column elementor-col-100 elementor-inner-column elementor-element elementor-element-3257fea\" data-id=\"3257fea\" data-element_type=\"column\">\n\t\t\t<div class=\"elementor-widget-wrap elementor-element-populated\">\n\t\t\t\t\t\t<div class=\"elementor-element elementor-element-88520bd enlaces elementor-widget elementor-widget-text-editor\" data-id=\"88520bd\" data-element_type=\"widget\" data-widget_type=\"text-editor.default\">\n\t\t\t\t<div class=\"elementor-widget-container\">\n\t\t\t\t\t\t\t\t\t<h5 class=\"h5 mb-3 font-weight-bold\">1. INFORMAZIONI SULL&#8217;UTENTE<\/h5>\n<p><b>Parson Project Solutions S.L.<\/b>, di seguito RESPONSABILE, \u00e8 il Titolare del trattamento dei dati personali dell&#8217;Utente e informa che tali dati saranno trattati in conformit\u00e0 alle disposizioni del Regolamento (UE) 2016\/679 del 27 aprile 2016 (GDPR) relativo alla protezione delle persone fisiche con riguardo al trattamento dei dati personali, nonch\u00e9 alla libera circolazione di tali dati, per cui si forniscono le seguenti informazioni sul trattamento:<\/p>\n<p><b>Finalit\u00e0 del trattamento<\/b>: mantenere un rapporto commerciale con l&#8217;Utente. Le operazioni previste per lo svolgimento del trattamento sono:<\/p>\n<p>Invio di comunicazioni pubblicitarie commerciali tramite e-mail, fax, SMS, MMS, comunit\u00e0 sociali o qualsiasi altro mezzo elettronico o fisico, presente o futuro, che consenta di effettuare comunicazioni commerciali. Queste comunicazioni saranno effettuate dal RESPONSABILE e saranno relative ai suoi prodotti e servizi, o a quelli dei suoi partner o fornitori con cui ha raggiunto un accordo promozionale. In questo caso, i terzi non avranno mai accesso ai dati personali.<\/p>\n<p>Condurre studi statistici.<\/p>\n<p>Per evadere ordini, richieste o qualsiasi tipo di richiesta fatta dall&#8217;utente attraverso uno dei metodi di contatto messi a sua disposizione.<br \/>Per inviare la newsletter del sito.<\/p>\n<p><b>Base giuridica del trattamento<\/b>: consenso dell&#8217;interessato.<\/p>\n<p><b>Criteri di conservazione dei dati<\/b>: i dati saranno conservati per tutto il tempo in cui vi \u00e8 un interesse reciproco a mantenere la finalit\u00e0 del trattamento e, quando non sono pi\u00f9 necessari per tale finalit\u00e0, saranno cancellati con misure di sicurezza adeguate per garantire la pseudonimizzazione dei dati o la distruzione totale dei dati.<\/p>\n<p><b>Comunicazione dei dati<\/b>: i dati non saranno comunicati a terzi, a meno che non siano obbligati per legge.<\/p>\n<p><b>Diritti dell&#8217;utente:<\/b><br \/>Diritto di revocare il consenso in qualsiasi momento.<br \/>Diritto di accesso, rettifica, portabilit\u00e0 e cancellazione dei propri dati e di limitare o opporsi al loro trattamento.<br \/>Diritto di proporre reclamo all&#8217;autorit\u00e0 di controllo (<a class=\"card-link \" href=\"http:\/\/www.aepd.es\/\" target=\"_blank\" rel=\"nofollow noopener\" aria-label=\"http:\/\/www.aepd.es\">www.aepd.es<\/a>) qualora ritenga che il trattamento non sia conforme alla normativa vigente.<\/p>\n<p><b>Dati di contatto per l&#8217;esercizio dei diritti:<\/b><br \/>Indirizzo postale: Parson Project Solutions S.L.. C\/ Bah\u00eda de Santander 80A, 2\u00baA. 28042. Madrid. Email: <a class=\"card-link \" href=\"mailto:hola@parsonp.com\" aria-label=\"hola@parsonp.com\">hola@parsonp.com<\/a><\/p>\n<\/p>\n<h5 class=\"h5 mb-3 font-weight-bold\">2. NATURA OBBLIGATORIA O FACOLTATIVA DELLE INFORMAZIONI FORNITE DALL&#8217;UTENTE<\/h5>\n<p>Gli utenti, selezionando le caselle corrispondenti e inserendo i dati nei campi contrassegnati da un asterisco (*) nel modulo di contatto o presentati nei moduli di download, accettano espressamente e liberamente e inequivocabilmente che i loro dati sono necessari al fornitore per gestire la loro richiesta, mentre l&#8217;inserimento dei dati nei campi rimanenti \u00e8 volontario. L&#8217;Utente garantisce che i dati personali forniti al RESPONSABILE sono veritieri ed \u00e8 responsabile della comunicazione di eventuali modifiche agli stessi. Il RESPONSABILE informa e garantisce espressamente agli utenti che i loro dati personali non saranno trasferiti in nessun caso a terzi, e che ogni volta che verr\u00e0 effettuato un qualsiasi tipo di trasferimento di dati personali, verr\u00e0 richiesto preventivamente il consenso espresso, informato e inequivocabile degli utenti. Tutti i dati richiesti attraverso il sito web sono obbligatori, in quanto necessari per la fornitura di un servizio ottimale all&#8217;Utente. Se non vengono forniti tutti i dati, non \u00e8 possibile garantire che le informazioni e i servizi forniti siano completamente adeguati alle vostre esigenze.<\/p>\n<\/p>\n<h5 class=\"h5 mb-3 font-weight-bold\">3. MISURE DI SICUREZZA<\/h5>\n<p>Che in conformit\u00e0 alle disposizioni della normativa vigente in materia di protezione dei dati personali, il RESPONSABILE rispetta tutte le disposizioni della normativa GDPR per il trattamento dei dati personali sotto la sua responsabilit\u00e0, e manifestamente i principi descritti nell&#8217;articolo 5 del GDPR, per cui essi sono trattati in modo lecito, equo e trasparente nei confronti dell&#8217;interessato e sono adeguati, pertinenti e limitati a quanto necessario in relazione alle finalit\u00e0 per le quali sono trattati.<br \/>Il RESPONSABILE garantisce di aver implementato politiche tecniche e organizzative adeguate per attuare le misure di sicurezza previste dal GDPR per proteggere i diritti e le libert\u00e0 degli Utenti e di aver comunicato agli Utenti informazioni adeguate per consentire loro di esercitare tali diritti e libert\u00e0.<\/p>\n\t\t\t\t\t\t\t\t<\/div>\n\t\t\t\t<\/div>\n\t\t\t\t\t<\/div>\n\t\t<\/div>\n\t\t\t\t\t<\/div>\n\t\t<\/section>\n\t\t\t\t\t<\/div>\n\t\t<\/div>\n\t\t\t\t\t<\/div>\n\t\t<\/section>\n\t\t\t\t<\/div>\n\t\t","protected":false},"excerpt":{"rendered":"<p>Politica sulla privacy 1. INFORMAZIONI SULL&#8217;UTENTE Parson Project Solutions S.L., di seguito RESPONSABILE, \u00e8 il Titolare del trattamento dei dati personali dell&#8217;Utente e informa che tali dati saranno trattati in conformit\u00e0 alle disposizioni del Regolamento (UE) 2016\/679 del 27 aprile 2016 (GDPR) relativo alla protezione delle persone fisiche con riguardo al trattamento dei dati personali, [&hellip;]<\/p>\n","protected":false},"author":3,"featured_media":4246,"parent":0,"menu_order":0,"comment_status":"closed","ping_status":"open","template":"","meta":{"site-sidebar-layout":"no-sidebar","site-content-layout":"page-builder","ast-site-content-layout":"default","site-content-style":"default","site-sidebar-style":"default","ast-global-header-display":"","ast-banner-title-visibility":"","ast-main-header-display":"","ast-hfb-above-header-display":"","ast-hfb-below-header-display":"","ast-hfb-mobile-header-display":"","site-post-title":"disabled","ast-breadcrumbs-content":"","ast-featured-img":"disabled","footer-sml-layout":"","theme-transparent-header-meta":"default","adv-header-id-meta":"","stick-header-meta":"","header-above-stick-meta":"","header-main-stick-meta":"","header-below-stick-meta":"","astra-migrate-meta-layouts":"default","ast-page-background-enabled":"default","ast-page-background-meta":{"desktop":{"background-color":"","background-image":"","background-repeat":"repeat","background-position":"center center","background-size":"auto","background-attachment":"scroll","background-type":"","background-media":"","overlay-type":"","overlay-color":"","overlay-opacity":"","overlay-gradient":""},"tablet":{"background-color":"","background-image":"","background-repeat":"repeat","background-position":"center center","background-size":"auto","background-attachment":"scroll","background-type":"","background-media":"","overlay-type":"","overlay-color":"","overlay-opacity":"","overlay-gradient":""},"mobile":{"background-color":"","background-image":"","background-repeat":"repeat","background-position":"center center","background-size":"auto","background-attachment":"scroll","background-type":"","background-media":"","overlay-type":"","overlay-color":"","overlay-opacity":"","overlay-gradient":""}},"ast-content-background-meta":{"desktop":{"background-color":"var(--ast-global-color-5)","background-image":"","background-repeat":"repeat","background-position":"center center","background-size":"auto","background-attachment":"scroll","background-type":"","background-media":"","overlay-type":"","overlay-color":"","overlay-opacity":"","overlay-gradient":""},"tablet":{"background-color":"var(--ast-global-color-5)","background-image":"","background-repeat":"repeat","background-position":"center center","background-size":"auto","background-attachment":"scroll","background-type":"","background-media":"","overlay-type":"","overlay-color":"","overlay-opacity":"","overlay-gradient":""},"mobile":{"background-color":"var(--ast-global-color-5)","background-image":"","background-repeat":"repeat","background-position":"center center","background-size":"auto","background-attachment":"scroll","background-type":"","background-media":"","overlay-type":"","overlay-color":"","overlay-opacity":"","overlay-gradient":""}},"footnotes":""},"class_list":["post-4416","page","type-page","status-publish","has-post-thumbnail","hentry"],"yoast_head":"<!-- This site is optimized with the Yoast SEO plugin v26.8 - https:\/\/yoast.com\/product\/yoast-seo-wordpress\/ -->\n<title>Politica sulla privacy - ParsonP Solutions<\/title>\n<meta name=\"robots\" content=\"noindex, follow\" \/>\n<meta property=\"og:locale\" content=\"it_IT\" \/>\n<meta property=\"og:type\" content=\"article\" \/>\n<meta property=\"og:title\" content=\"Politica sulla privacy - ParsonP Solutions\" \/>\n<meta property=\"og:description\" content=\"Politica sulla privacy 1. INFORMAZIONI SULL&#8217;UTENTE Parson Project Solutions S.L., di seguito RESPONSABILE, \u00e8 il Titolare del trattamento dei dati personali dell&#8217;Utente e informa che tali dati saranno trattati in conformit\u00e0 alle disposizioni del Regolamento (UE) 2016\/679 del 27 aprile 2016 (GDPR) relativo alla protezione delle persone fisiche con riguardo al trattamento dei dati personali, [&hellip;]\" \/>\n<meta property=\"og:url\" content=\"https:\/\/parsonp.com\/it\/politica-sulla-privacy\/\" \/>\n<meta property=\"og:site_name\" content=\"ParsonP Solutions\" \/>\n<meta property=\"article:publisher\" content=\"https:\/\/www.facebook.com\/ParsonProjectSolutions\" \/>\n<meta property=\"article:modified_time\" content=\"2024-12-16T14:12:20+00:00\" \/>\n<meta property=\"og:image\" content=\"https:\/\/parsonp.com\/wp-content\/uploads\/2022\/05\/Destacada_Home.png\" \/>\n\t<meta property=\"og:image:width\" content=\"300\" \/>\n\t<meta property=\"og:image:height\" content=\"300\" \/>\n\t<meta property=\"og:image:type\" content=\"image\/png\" \/>\n<meta name=\"twitter:card\" content=\"summary_large_image\" \/>\n<meta name=\"twitter:label1\" content=\"Tempo di lettura stimato\" \/>\n\t<meta name=\"twitter:data1\" content=\"3 minuti\" \/>\n<script type=\"application\/ld+json\" class=\"yoast-schema-graph\">{\"@context\":\"https:\/\/schema.org\",\"@graph\":[{\"@type\":\"WebPage\",\"@id\":\"https:\/\/parsonp.com\/it\/politica-sulla-privacy\/\",\"url\":\"https:\/\/parsonp.com\/it\/politica-sulla-privacy\/\",\"name\":\"Politica sulla privacy - ParsonP Solutions\",\"isPartOf\":{\"@id\":\"https:\/\/parsonp.com\/it\/#website\"},\"primaryImageOfPage\":{\"@id\":\"https:\/\/parsonp.com\/it\/politica-sulla-privacy\/#primaryimage\"},\"image\":{\"@id\":\"https:\/\/parsonp.com\/it\/politica-sulla-privacy\/#primaryimage\"},\"thumbnailUrl\":\"https:\/\/parsonp.com\/wp-content\/uploads\/2022\/05\/Destacada_Home.png\",\"datePublished\":\"2022-04-28T15:11:30+00:00\",\"dateModified\":\"2024-12-16T14:12:20+00:00\",\"breadcrumb\":{\"@id\":\"https:\/\/parsonp.com\/it\/politica-sulla-privacy\/#breadcrumb\"},\"inLanguage\":\"it-IT\",\"potentialAction\":[{\"@type\":\"ReadAction\",\"target\":[\"https:\/\/parsonp.com\/it\/politica-sulla-privacy\/\"]}]},{\"@type\":\"ImageObject\",\"inLanguage\":\"it-IT\",\"@id\":\"https:\/\/parsonp.com\/it\/politica-sulla-privacy\/#primaryimage\",\"url\":\"https:\/\/parsonp.com\/wp-content\/uploads\/2022\/05\/Destacada_Home.png\",\"contentUrl\":\"https:\/\/parsonp.com\/wp-content\/uploads\/2022\/05\/Destacada_Home.png\",\"width\":300,\"height\":300},{\"@type\":\"BreadcrumbList\",\"@id\":\"https:\/\/parsonp.com\/it\/politica-sulla-privacy\/#breadcrumb\",\"itemListElement\":[{\"@type\":\"ListItem\",\"position\":1,\"name\":\"Portada\",\"item\":\"https:\/\/parsonp.com\/it\/servicios-informaticos-para-empresas\/\"},{\"@type\":\"ListItem\",\"position\":2,\"name\":\"Politica sulla privacy\"}]},{\"@type\":\"WebSite\",\"@id\":\"https:\/\/parsonp.com\/it\/#website\",\"url\":\"https:\/\/parsonp.com\/it\/\",\"name\":\"ParsonP Solutions\",\"description\":\"\",\"publisher\":{\"@id\":\"https:\/\/parsonp.com\/it\/#organization\"},\"potentialAction\":[{\"@type\":\"SearchAction\",\"target\":{\"@type\":\"EntryPoint\",\"urlTemplate\":\"https:\/\/parsonp.com\/it\/?s={search_term_string}\"},\"query-input\":{\"@type\":\"PropertyValueSpecification\",\"valueRequired\":true,\"valueName\":\"search_term_string\"}}],\"inLanguage\":\"it-IT\"},{\"@type\":\"Organization\",\"@id\":\"https:\/\/parsonp.com\/it\/#organization\",\"name\":\"Parson Project Solutions\",\"url\":\"https:\/\/parsonp.com\/it\/\",\"logo\":{\"@type\":\"ImageObject\",\"inLanguage\":\"it-IT\",\"@id\":\"https:\/\/parsonp.com\/it\/#\/schema\/logo\/image\/\",\"url\":\"https:\/\/parsonp.com\/wp-content\/uploads\/2022\/05\/logoFirma.png\",\"contentUrl\":\"https:\/\/parsonp.com\/wp-content\/uploads\/2022\/05\/logoFirma.png\",\"width\":150,\"height\":37,\"caption\":\"Parson Project Solutions\"},\"image\":{\"@id\":\"https:\/\/parsonp.com\/it\/#\/schema\/logo\/image\/\"},\"sameAs\":[\"https:\/\/www.facebook.com\/ParsonProjectSolutions\",\"https:\/\/www.instagram.com\/parsonprojectsolutions\/\"]}]}<\/script>\n<!-- \/ Yoast SEO plugin. -->","yoast_head_json":{"title":"Politica sulla privacy - ParsonP Solutions","robots":{"index":"noindex","follow":"follow"},"og_locale":"it_IT","og_type":"article","og_title":"Politica sulla privacy - ParsonP Solutions","og_description":"Politica sulla privacy 1. INFORMAZIONI SULL&#8217;UTENTE Parson Project Solutions S.L., di seguito RESPONSABILE, \u00e8 il Titolare del trattamento dei dati personali dell&#8217;Utente e informa che tali dati saranno trattati in conformit\u00e0 alle disposizioni del Regolamento (UE) 2016\/679 del 27 aprile 2016 (GDPR) relativo alla protezione delle persone fisiche con riguardo al trattamento dei dati personali, [&hellip;]","og_url":"https:\/\/parsonp.com\/it\/politica-sulla-privacy\/","og_site_name":"ParsonP Solutions","article_publisher":"https:\/\/www.facebook.com\/ParsonProjectSolutions","article_modified_time":"2024-12-16T14:12:20+00:00","og_image":[{"width":300,"height":300,"url":"https:\/\/parsonp.com\/wp-content\/uploads\/2022\/05\/Destacada_Home.png","type":"image\/png"}],"twitter_card":"summary_large_image","twitter_misc":{"Tempo di lettura stimato":"3 minuti"},"schema":{"@context":"https:\/\/schema.org","@graph":[{"@type":"WebPage","@id":"https:\/\/parsonp.com\/it\/politica-sulla-privacy\/","url":"https:\/\/parsonp.com\/it\/politica-sulla-privacy\/","name":"Politica sulla privacy - ParsonP Solutions","isPartOf":{"@id":"https:\/\/parsonp.com\/it\/#website"},"primaryImageOfPage":{"@id":"https:\/\/parsonp.com\/it\/politica-sulla-privacy\/#primaryimage"},"image":{"@id":"https:\/\/parsonp.com\/it\/politica-sulla-privacy\/#primaryimage"},"thumbnailUrl":"https:\/\/parsonp.com\/wp-content\/uploads\/2022\/05\/Destacada_Home.png","datePublished":"2022-04-28T15:11:30+00:00","dateModified":"2024-12-16T14:12:20+00:00","breadcrumb":{"@id":"https:\/\/parsonp.com\/it\/politica-sulla-privacy\/#breadcrumb"},"inLanguage":"it-IT","potentialAction":[{"@type":"ReadAction","target":["https:\/\/parsonp.com\/it\/politica-sulla-privacy\/"]}]},{"@type":"ImageObject","inLanguage":"it-IT","@id":"https:\/\/parsonp.com\/it\/politica-sulla-privacy\/#primaryimage","url":"https:\/\/parsonp.com\/wp-content\/uploads\/2022\/05\/Destacada_Home.png","contentUrl":"https:\/\/parsonp.com\/wp-content\/uploads\/2022\/05\/Destacada_Home.png","width":300,"height":300},{"@type":"BreadcrumbList","@id":"https:\/\/parsonp.com\/it\/politica-sulla-privacy\/#breadcrumb","itemListElement":[{"@type":"ListItem","position":1,"name":"Portada","item":"https:\/\/parsonp.com\/it\/servicios-informaticos-para-empresas\/"},{"@type":"ListItem","position":2,"name":"Politica sulla privacy"}]},{"@type":"WebSite","@id":"https:\/\/parsonp.com\/it\/#website","url":"https:\/\/parsonp.com\/it\/","name":"ParsonP Solutions","description":"","publisher":{"@id":"https:\/\/parsonp.com\/it\/#organization"},"potentialAction":[{"@type":"SearchAction","target":{"@type":"EntryPoint","urlTemplate":"https:\/\/parsonp.com\/it\/?s={search_term_string}"},"query-input":{"@type":"PropertyValueSpecification","valueRequired":true,"valueName":"search_term_string"}}],"inLanguage":"it-IT"},{"@type":"Organization","@id":"https:\/\/parsonp.com\/it\/#organization","name":"Parson Project Solutions","url":"https:\/\/parsonp.com\/it\/","logo":{"@type":"ImageObject","inLanguage":"it-IT","@id":"https:\/\/parsonp.com\/it\/#\/schema\/logo\/image\/","url":"https:\/\/parsonp.com\/wp-content\/uploads\/2022\/05\/logoFirma.png","contentUrl":"https:\/\/parsonp.com\/wp-content\/uploads\/2022\/05\/logoFirma.png","width":150,"height":37,"caption":"Parson Project Solutions"},"image":{"@id":"https:\/\/parsonp.com\/it\/#\/schema\/logo\/image\/"},"sameAs":["https:\/\/www.facebook.com\/ParsonProjectSolutions","https:\/\/www.instagram.com\/parsonprojectsolutions\/"]}]}},"_links":{"self":[{"href":"https:\/\/parsonp.com\/it\/wp-json\/wp\/v2\/pages\/4416","targetHints":{"allow":["GET"]}}],"collection":[{"href":"https:\/\/parsonp.com\/it\/wp-json\/wp\/v2\/pages"}],"about":[{"href":"https:\/\/parsonp.com\/it\/wp-json\/wp\/v2\/types\/page"}],"author":[{"embeddable":true,"href":"https:\/\/parsonp.com\/it\/wp-json\/wp\/v2\/users\/3"}],"replies":[{"embeddable":true,"href":"https:\/\/parsonp.com\/it\/wp-json\/wp\/v2\/comments?post=4416"}],"version-history":[{"count":1,"href":"https:\/\/parsonp.com\/it\/wp-json\/wp\/v2\/pages\/4416\/revisions"}],"predecessor-version":[{"id":4417,"href":"https:\/\/parsonp.com\/it\/wp-json\/wp\/v2\/pages\/4416\/revisions\/4417"}],"wp:featuredmedia":[{"embeddable":true,"href":"https:\/\/parsonp.com\/it\/wp-json\/wp\/v2\/media\/4246"}],"wp:attachment":[{"href":"https:\/\/parsonp.com\/it\/wp-json\/wp\/v2\/media?parent=4416"}],"curies":[{"name":"wp","href":"https:\/\/api.w.org\/{rel}","templated":true}]}}